{"id":197,"date":"2020-03-28T11:09:03","date_gmt":"2020-03-28T11:09:03","guid":{"rendered":"https:\/\/dekker-traductions.com\/?page_id=197"},"modified":"2020-03-28T17:15:38","modified_gmt":"2020-03-28T17:15:38","slug":"a-propos-de-moi","status":"publish","type":"page","link":"https:\/\/dekker-traductions.com\/nl\/a-propos-de-moi\/","title":{"rendered":"Over mij"},"content":{"rendered":"\n<div class=\"wp-block-image\"><figure class=\"alignright size-large\"><img loading=\"lazy\" decoding=\"async\" width=\"160\" height=\"160\" src=\"https:\/\/dekker-traductions.com\/wp-content\/uploads\/2020\/03\/foto-Els-1.jpg\" alt=\"\" class=\"wp-image-198\" srcset=\"https:\/\/dekker-traductions.com\/wp-content\/uploads\/2020\/03\/foto-Els-1.jpg 160w, https:\/\/dekker-traductions.com\/wp-content\/uploads\/2020\/03\/foto-Els-1-150x150.jpg 150w\" sizes=\"auto, (max-width: 160px) 100vw, 160px\" \/><\/figure><\/div>\n\n\n\n<p>Na mijn gymnasiumopleiding en een jaar als au pair in Parijs, waarin ik lessen volgde aan de Sorbonne, studeerde ik Franse taal- en letterkunde aan de Rijksuniversiteit Utrecht. Mijn specialisatie was vertalen, daarnaast volgde ik veel extra vakken, o.a. op het gebied van rechten, Engels, massacommunicatie &amp; PR en Franse literatuur. Na mijn studie ben ik in het onderwijs terechtgekomen en heb ik 23 jaar lesgegeven als eerstegraads docent Frans op het Johannes Fontanus College in Barneveld. In 2013 besloot ik toch mijn vroegere liefde voor het vertalen op te pakken, en ben ik naast mijn werk als docent, mentor, sectieleidster en begeleidster van zorgleerlingen gaan studeren aan het Instituut voor Tolken en Vertalen, waar ik eerst mijn vertaaldiploma behaalde en vervolgens mijn tolkdiploma. Tijdens mijn studie liep ik onder meer stage bij Passe Partout Solutions in de Morvan (Lucenay l\u2019\u00c9v\u00e8que). Sindsdien werk ik als zelfstandig tolk-vertaalster; in 2017 heb ik mijn baan in het onderwijs opgezegd en hebben mijn man en ik ons permanent in Frankrijk gevestigd. <\/p>\n\n\n\n<p> Ik verzorg <strong>vertalingen<\/strong> op diverse gebieden voor particulieren en vertaalbureaus, vari\u00ebrend van juridische documenten (bijvoorbeeld testamenten, verkoopakten en huwelijksakten) en financieel-economische teksten tot diploma\u2019s, websites, toeristische brochures, boeken enzovoort. Daarnaast kunt u een beroep op mij doen wanneer u een <strong>tolk<\/strong> nodig hebt. Ik vertaal zowel van het Frans naar het Nederlands, als andersom. <\/p>\n\n\n\n<p> In januari 2018 ben ik be\u00ebdigd bij het Cour d\u2019appel in Bourges. Dat betekent dat ik bevoegd ben om <strong>be\u00ebdigde vertalingen<\/strong> te leveren, of <strong>be\u00ebdigd tolkwerk<\/strong> te verrichten, bijvoorbeeld bij de notaris. Ik heb daarvoor een eed afgelegd ten overstaan van de rechtbank waarmee ik plechtig beloofd heb mijn werk als tolk-vertaler eerlijk, nauwgezet en onpartijdig uit te voeren. Om be\u00ebdigd te mogen blijven, volg ik jaarlijks meerdere nascholingen hier in Frankrijk, met name op juridisch gebied. Daarnaast ben ik lid van de Franse vereniging voor tolk-vertalers, de SFT (Soci\u00e9t\u00e9 fran\u00e7aise des traducteurs) waarvoor ik de beroepscode heb getekend. <\/p>\n","protected":false},"excerpt":{"rendered":"<p>Na mijn gymnasiumopleiding en een jaar als au pair in Parijs, waarin ik lessen volgde aan de Sorbonne, studeerde ik Franse taal- [&hellip;]<\/p>\n","protected":false},"author":2,"featured_media":0,"parent":0,"menu_order":0,"comment_status":"closed","ping_status":"closed","template":"","meta":{"footnotes":""},"class_list":["post-197","page","type-page","status-publish","hentry"],"translation":{"provider":"WPGlobus","version":"3.0.1","language":"nl","enabled_languages":["fr","nl"],"languages":{"fr":{"title":true,"content":true,"excerpt":false},"nl":{"title":true,"content":true,"excerpt":false}}},"_links":{"self":[{"href":"https:\/\/dekker-traductions.com\/nl\/wp-json\/wp\/v2\/pages\/197","targetHints":{"allow":["GET"]}}],"collection":[{"href":"https:\/\/dekker-traductions.com\/nl\/wp-json\/wp\/v2\/pages"}],"about":[{"href":"https:\/\/dekker-traductions.com\/nl\/wp-json\/wp\/v2\/types\/page"}],"author":[{"embeddable":true,"href":"https:\/\/dekker-traductions.com\/nl\/wp-json\/wp\/v2\/users\/2"}],"replies":[{"embeddable":true,"href":"https:\/\/dekker-traductions.com\/nl\/wp-json\/wp\/v2\/comments?post=197"}],"version-history":[{"count":8,"href":"https:\/\/dekker-traductions.com\/nl\/wp-json\/wp\/v2\/pages\/197\/revisions"}],"predecessor-version":[{"id":207,"href":"https:\/\/dekker-traductions.com\/nl\/wp-json\/wp\/v2\/pages\/197\/revisions\/207"}],"wp:attachment":[{"href":"https:\/\/dekker-traductions.com\/nl\/wp-json\/wp\/v2\/media?parent=197"}],"curies":[{"name":"wp","href":"https:\/\/api.w.org\/{rel}","templated":true}]}}